{"id":2340,"date":"2025-09-24T19:30:07","date_gmt":"2025-09-24T18:30:07","guid":{"rendered":"https:\/\/dpios.cezarbor.com\/?page_id=2340"},"modified":"2026-04-27T10:38:59","modified_gmt":"2026-04-27T09:38:59","slug":"dpios-2026-pocetna","status":"publish","type":"page","link":"https:\/\/dpios.cezarbor.com\/","title":{"rendered":"DPIOS 2026 &#8211; Po\u010detna"},"content":{"rendered":"<div><a style=\"background-color: #ffffff; font-size: 1.9rem;\" href=\"https:\/\/dpios.cezarbor.com\/smlogin.php\">Ovde-&gt;LOGOVANJE NA SAJT<\/a><\/div>\n<ul class=\"lcp_catlist\" id=\"lcp_instance_0\"><li><a href=\"https:\/\/dpios.cezarbor.com\/?p=2492\">Rezultati DPIOS2026 &#8211; republi\u010dki nivo<\/a><\/li><li><a href=\"https:\/\/dpios.cezarbor.com\/?p=2486\">Satnica DPIOS2026 &#8211; republi\u010dki nivo<\/a><\/li><li><a href=\"https:\/\/dpios.cezarbor.com\/?p=2412\">Rezultati DPIOS2026 &#8211; okru\u017eni nivo<\/a><\/li><li><a href=\"https:\/\/dpios.cezarbor.com\/?p=2034\">DPIOS2026 &#8211; okru\u017eni nivo takmi\u010denja<\/a><\/li><li><a href=\"https:\/\/dpios.cezarbor.com\/?p=2217\">Provera u\u010de\u0161\u0107a okru\u017eni nivo DPIOS 2026<\/a><\/li><li><a href=\"https:\/\/dpios.cezarbor.com\/?p=2210\">Provera unete ppt prezentacije DPIOS2026<\/a><\/li><li><a href=\"https:\/\/dpios.cezarbor.com\/?p=2208\">Provera unetog apstrakta DPIOS 2026<\/a><\/li><li><a href=\"https:\/\/dpios.cezarbor.com\/?p=1946\">Unos apstrakta &#8211; DPIOS2026<\/a><\/li><li><a href=\"https:\/\/dpios.cezarbor.com\/?p=2327\">Rezultati DPIOS2025 &#8211; me\u0111unarodni nivo<\/a><\/li><li><a href=\"https:\/\/dpios.cezarbor.com\/?p=2320\">Satnica DPIOS2025 &#8211; me\u0111unarodni nivo<\/a><\/li><\/ul>\n<div dir=\"ltr\"><\/div>\n<div dir=\"ltr\">\n<p><small>Do kraja februara 2026. godine isti\u010de rok na koji mogu zainteresovani u\u010denici da se prijave na slede\u0107a takmi\u010denja:\u00a0 \u00a0<\/small><\/p>\n<p><small>1) DPIOS2026 &#8211; Dr\u017eavno prvenstvo istra\u017eiva\u010dkih radova osnovaca\u00a0 <a href=\"http:\/\/www.dpios.cezarbor.com\">http:\/\/www.dpios.cezarbor.com<\/a><\/small><br \/>\n<small>2) IYOECO2026 &#8211; Me\u0111unarodna Juniorska Ekolo\u0161ka Olimpijada\u00a0 \u00a0<a href=\"http:\/\/www.cezareducation.com\/\">http:\/\/www.cezareducation.com<\/a><\/small><br \/>\n<small>3)\u00a0 INFOS2026 &#8211; Me\u0111unarodno takmi\u010denje talentovanih u\u010denika iz informatike <a href=\"http:\/\/www.infos.cezarbor.com\">http:\/\/www.infos.cezarbor.com<\/a><\/small><br \/>\n<small>4) NEO2026 &#8211; Nacionalna Ekolo\u0161ka Olimpijada <a href=\"http:\/\/www.eko-olimpijada.com\">http:\/\/www.eko-olimpijada.com<\/a><\/small><\/p>\n<hr \/>\n<table>\n<tbody>\n<tr>\n<td width=\"132\"><strong>\u041d\u0418\u0412\u041e\u0418\u00a0<\/strong><\/td>\n<td width=\"539\"><strong>\u0414\u0410\u0422\u0423\u041c\u00a0<\/strong><\/td>\n<\/tr>\n<tr>\n<td width=\"132\">\u0448\u043a\u043e\u043b\u0441\u043a\u0438<\/td>\n<td width=\"539\">\u043f\u0440\u0438\u0458\u0430\u0432\u0459\u0438\u0432\u0430\u045a\u0435 \u043e\u043d\u043b\u0430\u0458\u043d \u0434\u043e \u043a\u0440\u0430\u0458\u0430 \u0444\u0435\u0431\u0440\u0443\u0430\u0440\u0430 2026.<\/td>\n<\/tr>\n<tr>\n<td width=\"132\">\u043e\u043a\u0440\u0443\u0436\u043d\u0438<\/td>\n<td width=\"539\">7.3.2026. onlajn, \u0441\u0430 \u043f\u043e\u0447\u0435\u0442\u043a\u043e\u043c \u0443 10:00\u00a0 h<\/td>\n<\/tr>\n<tr>\n<td width=\"132\">\u0440\u0435\u043f\u0443\u0431\u043b\u0438\u0447\u043a\u0438<\/td>\n<td width=\"539\">19.4.2026.\u00a0 &#8211; \u0411\u043e\u0440, \u0443 11 \u0447\u0430\u0441\u043e\u0432\u0430<\/td>\n<\/tr>\n<tr>\n<td width=\"132\">\u043c\u0435\u0452\u0443\u043d\u0430\u0440\u043e\u0434\u043d\u0438<\/td>\n<td width=\"539\">24.5.2026. &#8211; \u0411\u043e\u0440, (\u0441\u0430\u0442\u043d\u0438\u0446\u0430 \u043d\u0430\u043a\u043d\u0430\u0434\u043d\u043e)<\/td>\n<\/tr>\n<\/tbody>\n<\/table>\n<p><strong>U\u010denik se mo\u017ee prijaviti i takmi\u010diti SAMO iz jedne discipline!<\/strong><\/p>\n<div style=\"background-color: aqua; color: black;\"><\/div>\n<p><small><small><strong><a href=\"http:\/\/www.cezarbor.com\">(c) Copyright by Center for development of creativity Cezar , All Rights Reserved<\/a><br \/>\n<a href=\"http:\/\/www.talentibor.com\">(c) Expert commission of the Regional Center for Talents Bor , All Rights Reserverd<\/a><br \/>\n(c) Online Learning &amp; Competition Information System by Agencija SMAJ BUSINESS , All Rights Reserved<br \/>\nEmail: <a href=\"mailto:takmicenja.cezar@gmail.com\">takmicenja.cezar@gmail.com<\/a><\/strong><\/small><\/small><\/p>\n<p><img loading=\"lazy\" decoding=\"async\" src=\"http:\/\/dpios.cezarbor.com\/wp-content\/dpios_logo.jpg\" alt=\"\" width=\"600\" height=\"224\" \/><\/p>\n<p>\u0414\u0440\u0436\u0430\u0432\u043d\u043e \u043f\u0440\u0432\u0435\u043d\u0441\u0442\u0432\u043e \u0438\u0441\u0442\u0440\u0430\u0436\u0438\u0432\u0430\u0447\u043a\u0438\u0445 \u0440\u0430\u0434\u043e\u0432\u0430 \u043e\u0441\u043d\u043e\u0432\u0430\u0446\u0430 \u0458\u0435 \u0437\u0430 \u0443\u0447\u0435\u043d\u0438\u043a\u0435 5. \u0434\u043e 8. \u0440\u0430\u0437\u0440\u0435\u0434\u0430 \u0441\u0432\u0438\u0445 \u043e\u0441\u043d\u043e\u0432\u043d\u0438\u0445 \u0448\u043a\u043e\u043b\u0430 \u0438\u0437 \u0421\u0440\u0431\u0438\u0458\u0435, Crne Gore, Hrvatske, Bosne i Hercegovine, Slovenije, Makedonije ili bilo koje druge dr\u017eave.<\/p>\n<\/div>\n","protected":false},"excerpt":{"rendered":"<p>Ovde-&gt;LOGOVANJE NA SAJT Do kraja februara 2026. godine isti\u010de rok na koji mogu zainteresovani u\u010denici da se prijave na slede\u0107a takmi\u010denja:\u00a0 \u00a0 1) DPIOS2026 &#8211; Dr\u017eavno prvenstvo istra\u017eiva\u010dkih radova osnovaca\u00a0 http:\/\/www.dpios.cezarbor.com 2) IYOECO2026 &#8211; Me\u0111unarodna Juniorska Ekolo\u0161ka Olimpijada\u00a0 \u00a0http:\/\/www.cezareducation.com 3)\u00a0 INFOS2026 &#8211; Me\u0111unarodno takmi\u010denje talentovanih u\u010denika iz informatike http:\/\/www.infos.cezarbor.com 4) NEO2026 &#8211; Nacionalna Ekolo\u0161ka Olimpijada [&hellip;]<\/p>\n","protected":false},"author":1,"featured_media":0,"parent":0,"menu_order":0,"comment_status":"closed","ping_status":"closed","template":"","meta":{"footnotes":""},"class_list":["post-2340","page","type-page","status-publish","hentry"],"_links":{"self":[{"href":"https:\/\/dpios.cezarbor.com\/index.php?rest_route=\/wp\/v2\/pages\/2340","targetHints":{"allow":["GET"]}}],"collection":[{"href":"https:\/\/dpios.cezarbor.com\/index.php?rest_route=\/wp\/v2\/pages"}],"about":[{"href":"https:\/\/dpios.cezarbor.com\/index.php?rest_route=\/wp\/v2\/types\/page"}],"author":[{"embeddable":true,"href":"https:\/\/dpios.cezarbor.com\/index.php?rest_route=\/wp\/v2\/users\/1"}],"replies":[{"embeddable":true,"href":"https:\/\/dpios.cezarbor.com\/index.php?rest_route=%2Fwp%2Fv2%2Fcomments&post=2340"}],"version-history":[{"count":13,"href":"https:\/\/dpios.cezarbor.com\/index.php?rest_route=\/wp\/v2\/pages\/2340\/revisions"}],"predecessor-version":[{"id":2498,"href":"https:\/\/dpios.cezarbor.com\/index.php?rest_route=\/wp\/v2\/pages\/2340\/revisions\/2498"}],"wp:attachment":[{"href":"https:\/\/dpios.cezarbor.com\/index.php?rest_route=%2Fwp%2Fv2%2Fmedia&parent=2340"}],"curies":[{"name":"wp","href":"https:\/\/api.w.org\/{rel}","templated":true}]}}