{"id":1651,"date":"2022-10-07T08:30:25","date_gmt":"2022-10-07T07:30:25","guid":{"rendered":"https:\/\/dpios.cezarbor.com\/?page_id=1651"},"modified":"2025-10-26T11:24:44","modified_gmt":"2025-10-26T10:24:44","slug":"literatura-2023","status":"publish","type":"page","link":"https:\/\/dpios.cezarbor.com\/?page_id=1651","title":{"rendered":"Literatura"},"content":{"rendered":"<p><span style=\"font-family: verdana;\">Priprema za takmi\u010denje radi se samo iz navedene literature, odakle \u0107e biti ispitna pitanja. U\u010denici se onlajn spremaju iz navedene l<\/span><span style=\"font-family: verdana;\">iterature na sajtu takmi\u010denja.<\/span><\/p>\n\r\n\r\n<meta name=\"viewport\" content=\"width=device-width, initial-scale=1\">\r\n<style>\r\n* {box-sizing: border-box}\r\nbody {font-family: Verdana, sans-serif; margin:0}\r\n.mySlides {display: none}\r\nimg {vertical-align: middle;}\r\n\r\n\/* Slideshow container *\/\r\n.slideshow-container {\r\n  max-width: 1000px;\r\n  position: relative;\r\n  margin: auto;\r\n}\r\n\r\n\/* Next & previous buttons *\/\r\n.prev, .next {\r\n  cursor: pointer;\r\n  position: absolute;\r\n  top: 50%;\r\n  width: auto;\r\n  padding: 16px;\r\n  margin-top: -22px;\r\n  color: black;\r\n  font-weight: bold;\r\n  font-size: 24px;\r\n  transition: 0.6s ease;\r\n  border-radius: 0 3px 3px 0;\r\n  user-select: none;\r\n}\r\n\r\n\/* Position the \"next button\" to the right *\/\r\n.next {\r\n  right: 0;\r\n  border-radius: 3px 0 0 3px;\r\n}\r\n\r\n\/* On hover, add a black background color with a little bit see-through *\/\r\n.prev:hover, .next:hover {\r\n  background-color: rgba(0,0,0,0.8);\r\n}\r\n\r\n\/* Caption text *\/\r\n.text {\r\n  color: black;\r\n  font-size: 15px;\r\n  padding: 8px 12px;\r\n  position: absolute;\r\n  bottom: 8px;\r\n  width: 100%;\r\n  text-align: center;\r\n}\r\n\r\n\/* Number text (1\/3 etc)     #f2f2f2;  *\/\r\n.numbertext {\r\n  color: black;\r\n  font-size: 12px;\r\n  padding: 8px 12px;\r\n  position: absolute;\r\n  top: 0;\r\n}\r\n\r\n\/* The dots\/bullets\/indicators *\/\r\n.dot {\r\n  cursor: pointer;\r\n  height: 15px;\r\n  width: 15px;\r\n  margin: 0 2px;\r\n  background-color: #bbb;\r\n  border-radius: 50%;\r\n  display: inline-block;\r\n  transition: background-color 0.6s ease;\r\n}\r\n\r\n.active, .dot:hover {\r\n  background-color: #717171;\r\n}\r\n\r\n\/* Fading animation *\/\r\n.fade {\r\n  -webkit-animation-name: fade;\r\n  -webkit-animation-duration: 1.5s;\r\n  animation-name: fade;\r\n  animation-duration: 1.5s;\r\n}\r\n\r\n@-webkit-keyframes fade {\r\n  from {opacity: .4} \r\n  to {opacity: 1}\r\n}\r\n\r\n@keyframes fade {\r\n  from {opacity: .4} \r\n  to {opacity: 1}\r\n}\r\n\r\n\/* On smaller screens, decrease text size *\/\r\n@media only screen and (max-width: 300px) {\r\n  .prev, .next,.text {font-size: 11px}\r\n}\r\n<\/style>\r\n<\/head>\r\n<body>\r\n\r\n<div class=\"slideshow-container\">\r\n\r\nMorate da budete logovani!\n","protected":false},"excerpt":{"rendered":"<p>Priprema za takmi\u010denje radi se samo iz navedene literature, odakle \u0107e biti ispitna pitanja. U\u010denici se onlajn spremaju iz navedene literature na sajtu takmi\u010denja.<\/p>\n","protected":false},"author":1,"featured_media":0,"parent":0,"menu_order":0,"comment_status":"closed","ping_status":"closed","template":"","meta":{"footnotes":""},"class_list":["post-1651","page","type-page","status-publish","hentry"],"_links":{"self":[{"href":"https:\/\/dpios.cezarbor.com\/index.php?rest_route=\/wp\/v2\/pages\/1651","targetHints":{"allow":["GET"]}}],"collection":[{"href":"https:\/\/dpios.cezarbor.com\/index.php?rest_route=\/wp\/v2\/pages"}],"about":[{"href":"https:\/\/dpios.cezarbor.com\/index.php?rest_route=\/wp\/v2\/types\/page"}],"author":[{"embeddable":true,"href":"https:\/\/dpios.cezarbor.com\/index.php?rest_route=\/wp\/v2\/users\/1"}],"replies":[{"embeddable":true,"href":"https:\/\/dpios.cezarbor.com\/index.php?rest_route=%2Fwp%2Fv2%2Fcomments&post=1651"}],"version-history":[{"count":6,"href":"https:\/\/dpios.cezarbor.com\/index.php?rest_route=\/wp\/v2\/pages\/1651\/revisions"}],"predecessor-version":[{"id":2349,"href":"https:\/\/dpios.cezarbor.com\/index.php?rest_route=\/wp\/v2\/pages\/1651\/revisions\/2349"}],"wp:attachment":[{"href":"https:\/\/dpios.cezarbor.com\/index.php?rest_route=%2Fwp%2Fv2%2Fmedia&parent=1651"}],"curies":[{"name":"wp","href":"https:\/\/api.w.org\/{rel}","templated":true}]}}